{"id":11,"date":"2024-10-24T19:28:54","date_gmt":"2024-10-24T19:28:54","guid":{"rendered":"https:\/\/psychologbarczynska.pl\/?page_id=11"},"modified":"2026-01-29T11:25:31","modified_gmt":"2026-01-29T11:25:31","slug":"o-mnie","status":"publish","type":"page","link":"https:\/\/psychologbarczynska.pl\/index.php\/o-mnie\/","title":{"rendered":"O mnie"},"content":{"rendered":"\n<figure class=\"wp-block-image aligncenter size-large is-resized\"><img loading=\"lazy\" decoding=\"async\" width=\"1024\" height=\"171\" src=\"http:\/\/psychologbarczynska.pl\/wp-content\/uploads\/2024\/11\/Projekt-bez-nazwy-10-1024x171.png\" alt=\"\" class=\"wp-image-143\" style=\"width:411px;height:auto\" srcset=\"https:\/\/psychologbarczynska.pl\/wp-content\/uploads\/2024\/11\/Projekt-bez-nazwy-10-1024x171.png 1024w, https:\/\/psychologbarczynska.pl\/wp-content\/uploads\/2024\/11\/Projekt-bez-nazwy-10-300x50.png 300w, https:\/\/psychologbarczynska.pl\/wp-content\/uploads\/2024\/11\/Projekt-bez-nazwy-10-768x128.png 768w, https:\/\/psychologbarczynska.pl\/wp-content\/uploads\/2024\/11\/Projekt-bez-nazwy-10.png 1026w\" sizes=\"auto, (max-width: 1024px) 100vw, 1024px\" \/><\/figure>\n\n\n\n<div class=\"wp-block-group alignfull has-ti-accent-background-color has-background is-layout-constrained wp-block-group-is-layout-constrained\" style=\"margin-top:0;margin-bottom:0;padding-top:64px;padding-bottom:64px\">\n<div class=\"wp-block-columns alignwide is-layout-flex wp-container-core-columns-is-layout-28232c24 wp-block-columns-is-layout-flex\">\n<div class=\"wp-block-column is-vertically-aligned-center is-layout-flow wp-block-column-is-layout-flow\" style=\"padding-top:24px;padding-right:24px;padding-bottom:24px;padding-left:24px\">\n<p class=\"has-ti-fg-alt-color has-text-color has-link-color wp-elements-ca8352fbd1fbd92c2384794a77eeea4f\">Uko\u0144czy\u0142am 5-letnie studia magisterskie na kierunku psychologia, dodatkowo zdobywaj\u0105c uprawnienia pedagogiczne. Pracuj\u0119 w podej\u015bciu Terapii Skoncentrowanej na Rozwi\u0105zaniach, ko\u0144cz\u0105c kurs na poziomie zaawansowanym. Jestem r\u00f3wnie\u017c absolwentk\u0105 kursu coachingu, kt\u00f3ry wyposa\u017cy\u0142 mnie w metody i narz\u0119dzia do pracy nad rozwojem osobistym.<\/p>\n\n\n\n<p class=\"has-ti-fg-alt-color has-text-color has-link-color wp-elements-f809f12c4ac807a77131502aadd45eb6\">Moj\u0105 wiedz\u0119 i metody pracy stale rozwijam za pomoc\u0105 lektury oraz szkole\u0144 i warsztat\u00f3w m.in. z zakresu komunikacji, schemat\u00f3w psychologicznych, empatii, si\u0142y i odporno\u015bci psychicznej, traum dzieci\u0119cych, DDA i rozwoju w rodzinach dysfunkcyjnych, interwencji kryzysowych oraz innych metod i technik pomocowych.<\/p>\n\n\n\n<p class=\"has-ti-fg-alt-color has-text-color has-link-color wp-elements-ae2a3fc6b61af8b5184bcd39b6fc6740\">W pracy kieruj\u0119 si\u0119 zasadami etyki psychologa, a swoj\u0105 prac\u0119 poddaj\u0119 sta\u0142ej superwizji.<\/p>\n<\/div>\n\n\n\n<div class=\"wp-block-column is-layout-flow wp-block-column-is-layout-flow\">\n<figure class=\"wp-block-image size-full is-resized\"><img loading=\"lazy\" decoding=\"async\" width=\"2016\" height=\"2560\" src=\"https:\/\/psychologbarczynska.pl\/wp-content\/uploads\/2024\/11\/DSCF3780-1-scaled.jpg\" alt=\"\" class=\"wp-image-124\" style=\"width:431px;height:auto\" srcset=\"https:\/\/psychologbarczynska.pl\/wp-content\/uploads\/2024\/11\/DSCF3780-1-scaled.jpg 2016w, https:\/\/psychologbarczynska.pl\/wp-content\/uploads\/2024\/11\/DSCF3780-1-236x300.jpg 236w, https:\/\/psychologbarczynska.pl\/wp-content\/uploads\/2024\/11\/DSCF3780-1-806x1024.jpg 806w, https:\/\/psychologbarczynska.pl\/wp-content\/uploads\/2024\/11\/DSCF3780-1-768x975.jpg 768w, https:\/\/psychologbarczynska.pl\/wp-content\/uploads\/2024\/11\/DSCF3780-1-1210x1536.jpg 1210w, https:\/\/psychologbarczynska.pl\/wp-content\/uploads\/2024\/11\/DSCF3780-1-1613x2048.jpg 1613w\" sizes=\"auto, (max-width: 2016px) 100vw, 2016px\" \/><\/figure>\n<\/div>\n<\/div>\n<\/div>\n\n\n\n<p><\/p>\n\n\n\n<div class=\"wp-block-group alignfull has-ti-fg-alt-background-color has-background is-layout-constrained wp-block-group-is-layout-constrained\" style=\"margin-top:0;margin-bottom:0;padding-top:64px;padding-bottom:64px\">\n<div class=\"wp-block-columns alignwide is-layout-flex wp-container-core-columns-is-layout-28232c24 wp-block-columns-is-layout-flex\">\n<div class=\"wp-block-column is-layout-flow wp-block-column-is-layout-flow\">\n<figure class=\"wp-block-image size-full\"><img loading=\"lazy\" decoding=\"async\" width=\"1063\" height=\"1063\" src=\"https:\/\/psychologbarczynska.pl\/wp-content\/uploads\/2024\/11\/Projekt-bez-nazwy-3-1.jpg\" alt=\"\" class=\"wp-image-132\" srcset=\"https:\/\/psychologbarczynska.pl\/wp-content\/uploads\/2024\/11\/Projekt-bez-nazwy-3-1.jpg 1063w, https:\/\/psychologbarczynska.pl\/wp-content\/uploads\/2024\/11\/Projekt-bez-nazwy-3-1-300x300.jpg 300w, https:\/\/psychologbarczynska.pl\/wp-content\/uploads\/2024\/11\/Projekt-bez-nazwy-3-1-1024x1024.jpg 1024w, https:\/\/psychologbarczynska.pl\/wp-content\/uploads\/2024\/11\/Projekt-bez-nazwy-3-1-150x150.jpg 150w, https:\/\/psychologbarczynska.pl\/wp-content\/uploads\/2024\/11\/Projekt-bez-nazwy-3-1-768x768.jpg 768w\" sizes=\"auto, (max-width: 1063px) 100vw, 1063px\" \/><\/figure>\n<\/div>\n\n\n\n<div class=\"wp-block-column is-vertically-aligned-center is-layout-flow wp-block-column-is-layout-flow\" style=\"padding-top:24px;padding-right:24px;padding-bottom:24px;padding-left:24px\">\n<p class=\"has-ti-fg-color has-text-color has-link-color wp-elements-7b37db35a861606e1c17106532ca327a\">W pracy kieruj\u0119 si\u0119 podej\u015bciem TSR (Terapii Skoncentrowanej na Rozwi\u0105zaniach) co oznacza, \u017ce w moich dzia\u0142aniach pomagam doj\u015b\u0107 klientowi do jego w\u0142asnych cel\u00f3w, na jego zasadach i w jego tempie. Zale\u017cy mi na tym by praca ze mn\u0105 by\u0142a konkretna, a jednocze\u015bnie pe\u0142na empatii i zaanga\u017cowania.<\/p>\n\n\n\n<p class=\"has-ti-fg-color has-text-color has-link-color wp-elements-c1c7ffe39cbd3408e70a460b78c27d01\" style=\"margin-right:0;margin-left:0\">Ka\u017cdego cz\u0142owieka widz\u0119 jako indywidualn\u0105 jednostk\u0119, sk\u0142adaj\u0105c\u0105 si\u0119 z cia\u0142a, umys\u0142u, emocji oraz ducha i w zwi\u0105zku z tym korzystam z r\u00f3\u017cnych metod (np. pochodz\u0105cych z nurtu CBT), kt\u00f3re dostosowuj\u0119 do potrzeb danego klienta.<\/p>\n\n\n\n<p>Wsp\u00f3\u0142pracuj\u0105c ze mn\u0105 mo\u017cesz oczekiwa\u0107:<\/p>\n\n\n\n<ul class=\"wp-block-list\">\n<li>wys\u0142uchania bez oceniania,<\/li>\n\n\n\n<li>akceptacji, empatii i lu\u017anej atmosfery,<\/li>\n\n\n\n<li>konkretnego ustalenia po co mamy si\u0119 widywa\u0107 i co mamy wsp\u00f3lnie osi\u0105gn\u0105\u0107,<\/li>\n\n\n\n<li>uznania, \u017ce wiesz co b\u0119dzie dla Ciebie dobre &#8211; brak narzucania i doradzania w kwestiach wybor\u00f3w \u017cyciowych itp.<\/li>\n\n\n\n<li>jasnych wskaz\u00f3wek do pracy psychologicznej<\/li>\n<\/ul>\n\n\n\n<div class=\"wp-block-buttons is-layout-flex wp-block-buttons-is-layout-flex\">\n<div class=\"wp-block-button\"><a class=\"wp-block-button__link wp-element-button\" href=\"https:\/\/psychologbarczynska.pl\/index.php\/umow-wizyte\/\">Um\u00f3w wizyt\u0119<\/a><\/div>\n<\/div>\n<\/div>\n<\/div>\n<\/div>\n","protected":false},"excerpt":{"rendered":"<p>Uko\u0144czy\u0142am 5-letnie studia magisterskie na kierunku psychologia, dodatkowo zdobywaj\u0105c uprawnienia pedagogiczne. Pracuj\u0119 w podej\u015bciu Terapii Skoncentrowanej na Rozwi\u0105zaniach, ko\u0144cz\u0105c kurs na poziomie zaawansowanym. Jestem r\u00f3wnie\u017c absolwentk\u0105 kursu coachingu, kt\u00f3ry wyposa\u017cy\u0142 mnie w metody i narz\u0119dzia do pracy nad rozwojem osobistym. Moj\u0105 wiedz\u0119 i metody pracy stale rozwijam za pomoc\u0105 lektury oraz szkole\u0144 i warsztat\u00f3w m.in. [&hellip;]<\/p>\n","protected":false},"author":1,"featured_media":0,"parent":0,"menu_order":0,"comment_status":"closed","ping_status":"closed","template":"","meta":{"_themeisle_gutenberg_block_has_review":false,"footnotes":""},"class_list":["post-11","page","type-page","status-publish","hentry"],"_links":{"self":[{"href":"https:\/\/psychologbarczynska.pl\/index.php\/wp-json\/wp\/v2\/pages\/11","targetHints":{"allow":["GET"]}}],"collection":[{"href":"https:\/\/psychologbarczynska.pl\/index.php\/wp-json\/wp\/v2\/pages"}],"about":[{"href":"https:\/\/psychologbarczynska.pl\/index.php\/wp-json\/wp\/v2\/types\/page"}],"author":[{"embeddable":true,"href":"https:\/\/psychologbarczynska.pl\/index.php\/wp-json\/wp\/v2\/users\/1"}],"replies":[{"embeddable":true,"href":"https:\/\/psychologbarczynska.pl\/index.php\/wp-json\/wp\/v2\/comments?post=11"}],"version-history":[{"count":20,"href":"https:\/\/psychologbarczynska.pl\/index.php\/wp-json\/wp\/v2\/pages\/11\/revisions"}],"predecessor-version":[{"id":359,"href":"https:\/\/psychologbarczynska.pl\/index.php\/wp-json\/wp\/v2\/pages\/11\/revisions\/359"}],"wp:attachment":[{"href":"https:\/\/psychologbarczynska.pl\/index.php\/wp-json\/wp\/v2\/media?parent=11"}],"curies":[{"name":"wp","href":"https:\/\/api.w.org\/{rel}","templated":true}]}}