{"id":247,"date":"2025-11-12T20:57:12","date_gmt":"2025-11-12T20:57:12","guid":{"rendered":"https:\/\/psychologbarczynska.pl\/?page_id=247"},"modified":"2025-12-05T09:10:40","modified_gmt":"2025-12-05T09:10:40","slug":"milosna-wieza","status":"publish","type":"page","link":"https:\/\/psychologbarczynska.pl\/index.php\/milosna-wieza\/","title":{"rendered":"Mi\u0142osna wie\u017ca"},"content":{"rendered":"\n<div class=\"wp-block-group alignfull has-ti-fg-background-color has-background is-layout-constrained wp-block-group-is-layout-constrained\" style=\"margin-top:0;margin-bottom:0;padding-top:64px;padding-bottom:64px\">\n<div class=\"wp-block-columns alignwide is-layout-flex wp-container-core-columns-is-layout-28232c24 wp-block-columns-is-layout-flex\">\n<div class=\"wp-block-column is-layout-flow wp-block-column-is-layout-flow\">\n<figure class=\"wp-block-image size-full is-resized\"><img loading=\"lazy\" decoding=\"async\" width=\"1919\" height=\"2560\" src=\"http:\/\/psychologbarczynska.pl\/wp-content\/uploads\/2025\/11\/IMG_20251112_201139662_HDR_AE3-scaled.jpg\" alt=\"\" class=\"wp-image-252\" style=\"width:370px;height:auto\" srcset=\"https:\/\/psychologbarczynska.pl\/wp-content\/uploads\/2025\/11\/IMG_20251112_201139662_HDR_AE3-scaled.jpg 1919w, https:\/\/psychologbarczynska.pl\/wp-content\/uploads\/2025\/11\/IMG_20251112_201139662_HDR_AE3-225x300.jpg 225w, https:\/\/psychologbarczynska.pl\/wp-content\/uploads\/2025\/11\/IMG_20251112_201139662_HDR_AE3-768x1025.jpg 768w, https:\/\/psychologbarczynska.pl\/wp-content\/uploads\/2025\/11\/IMG_20251112_201139662_HDR_AE3-1151x1536.jpg 1151w, https:\/\/psychologbarczynska.pl\/wp-content\/uploads\/2025\/11\/IMG_20251112_201139662_HDR_AE3-1535x2048.jpg 1535w\" sizes=\"auto, (max-width: 1919px) 100vw, 1919px\" \/><\/figure>\n<\/div>\n\n\n\n<div class=\"wp-block-column is-vertically-aligned-center is-layout-flow wp-block-column-is-layout-flow\" style=\"padding-top:24px;padding-right:24px;padding-bottom:24px;padding-left:24px\">\n<h2 class=\"wp-block-heading has-ti-bg-color has-text-color has-link-color wp-elements-5fce43877b4ea6a5c3e790944ee0c4ec\">Mi\u0142osna wie\u017ca (tylko dla par) &#8211; gra, kt\u00f3ra zbli\u017ca dwoje ludzi.<\/h2>\n\n\n\n<p class=\"has-ti-bg-color has-text-color has-link-color wp-elements-510fdc3ca5385f8e142205ece8f01621\">Odkryj na nowo blisko\u015b\u0107, rozmow\u0119 i magi\u0119 drobnych gest\u00f3w, bo mi\u0142o\u015b\u0107 to co\u015b, co warto piel\u0119gnowa\u0107 ka\u017cdego dnia!<\/p>\n\n\n\n<p class=\"has-ti-bg-color has-text-color has-link-color wp-elements-9dc1d8301b45637475578c538670ee62\">Mi\u0142osna Wie\u017ca to wyj\u0105tkowa gra dla par, kt\u00f3ra \u0142\u0105czy klasyczn\u0105 zabaw\u0119 w budowanie wie\u017cy z g\u0142\u0119bokimi rozmowami, czu\u0142ymi pytaniami i romantycznymi wyzwaniami. To spos\u00f3b na wiecz\u00f3r pe\u0142en \u015bmiechu, blisko\u015bci i odkrywania siebie na nowo. Ka\u017cdy klocek to nowe pytanie, wspomnienie lub emocja, kt\u00f3re pozwol\u0105 Wam lepiej si\u0119 pozna\u0107 \u2013 niezale\u017cnie od tego, czy jeste\u015bcie razem od miesi\u0105ca, czy od lat.<\/p>\n<\/div>\n<\/div>\n<\/div>\n\n\n\n<div class=\"wp-block-group alignfull has-ti-fg-alt-background-color has-background is-layout-constrained wp-block-group-is-layout-constrained\" style=\"margin-top:0;margin-bottom:0;padding-top:64px;padding-bottom:64px\">\n<div class=\"wp-block-columns alignwide is-layout-flex wp-container-core-columns-is-layout-28232c24 wp-block-columns-is-layout-flex\">\n<div class=\"wp-block-column is-vertically-aligned-center is-layout-flow wp-block-column-is-layout-flow\" style=\"padding-top:24px;padding-right:24px;padding-bottom:24px;padding-left:24px\">\n<h2 class=\"wp-block-heading\">Co znajdziesz w \u015brodku?<\/h2>\n\n\n\n<p>Zestaw 51 klock\u00f3w z napisanymi zdaniami do doko\u0144czenia w r\u00f3\u017cnych kategoriach:<\/p>\n\n\n\n<ul class=\"wp-block-list\">\n<li>\u2764\ufe0f WYZNANIA, DOCENIENIE, UPEWNIANIE O UCZUCIACH<\/li>\n\n\n\n<li>\ud83d\udcad MARZENIA, PRZYSZ\u0141O\u015a\u0106, SZALONE POMYS\u0141Y<\/li>\n\n\n\n<li>\ud83d\udd70\ufe0f PRZESZ\u0141O\u015a\u0106 I GDYBANIE<\/li>\n\n\n\n<li>\ud83d\udc68\u200d\ud83d\udc69\u200d\ud83d\udc67\u200d\ud83d\udc66 BLISCY I RODZINA<\/li>\n\n\n\n<li>\ud83d\udc93 MOMENTY, GDY SI\u0118 W SOBIE ZAKOCHALI\u015aCIE I POCZ\u0104TKI<\/li>\n\n\n\n<li>\u2728 CODZIENNO\u015a\u0106, BLISKO\u015a\u0106, CIA\u0141O<\/li>\n\n\n\n<li>\ud83d\udd10 SEKRETY, OTWARTO\u015a\u0106, G\u0141\u0118BOKIE SPOJRZENIA<\/li>\n<\/ul>\n\n\n\n<p>pude\u0142ko wraz z instrukcj\u0105 do gry oraz propozycjami zada\u0144 dla osoby, kt\u00f3ra zburzy wie\u017c\u0119.<\/p>\n<\/div>\n\n\n\n<div class=\"wp-block-column is-layout-flow wp-block-column-is-layout-flow\">\n<figure class=\"wp-block-image size-full\"><img loading=\"lazy\" decoding=\"async\" width=\"1024\" height=\"1536\" src=\"http:\/\/psychologbarczynska.pl\/wp-content\/uploads\/2025\/11\/Foto1-1.webp\" alt=\"\" class=\"wp-image-310\" srcset=\"https:\/\/psychologbarczynska.pl\/wp-content\/uploads\/2025\/11\/Foto1-1.webp 1024w, https:\/\/psychologbarczynska.pl\/wp-content\/uploads\/2025\/11\/Foto1-1-200x300.webp 200w, https:\/\/psychologbarczynska.pl\/wp-content\/uploads\/2025\/11\/Foto1-1-683x1024.webp 683w, https:\/\/psychologbarczynska.pl\/wp-content\/uploads\/2025\/11\/Foto1-1-768x1152.webp 768w\" sizes=\"auto, (max-width: 1024px) 100vw, 1024px\" \/><\/figure>\n<\/div>\n<\/div>\n<\/div>\n\n\n\n<div class=\"wp-block-group alignfull has-ti-bg-alt-background-color has-background is-layout-constrained wp-container-core-group-is-layout-b42db63c wp-block-group-is-layout-constrained\" style=\"margin-top:0;margin-bottom:0;padding-top:var(--wp--preset--spacing--80);padding-right:var(--wp--preset--spacing--50);padding-bottom:var(--wp--preset--spacing--80);padding-left:var(--wp--preset--spacing--50)\">\n<div class=\"wp-block-group alignwide has-ti-fg-alt-color has-ti-fg-alt-background-color has-text-color has-background has-link-color wp-elements-b9fd546eb0b0c54bdf80e18437d647ba is-layout-constrained wp-container-core-group-is-layout-94e519ba wp-block-group-is-layout-constrained\" style=\"border-radius:16px;padding-top:var(--wp--preset--spacing--80);padding-right:var(--wp--preset--spacing--40);padding-bottom:var(--wp--preset--spacing--80);padding-left:var(--wp--preset--spacing--40)\">\n<p class=\"has-text-align-center has-ti-fg-color has-text-color has-link-color has-medium-font-size wp-elements-1418d9da787de7e654195eb3d64efaf4\"><strong>Jak to dzia\u0142a?<\/strong><\/p>\n\n\n\n<p class=\"has-ti-fg-color has-text-color has-link-color wp-elements-dd1140b20f4d8f3dcce5151ce0444122\">Zasady s\u0105 proste &#8211; jak w klasycznej grze wie\u017ca, z t\u0105 r\u00f3\u017cnic\u0105, \u017ce na ka\u017cdym klocku jest napisane zdanie do doko\u0144czenia. Osoba kt\u00f3ra wyci\u0105gnie dany klocek doka\u0144cza napisane na nim zdanie.<\/p>\n\n\n\n<p class=\"has-ti-fg-color has-text-color has-link-color has-normal-font-size wp-elements-1f4fc700180dc39735fc32ce7c52c82f\"><strong>Szczeg\u00f3\u0142owe zasady gry:<\/strong><\/p>\n\n\n\n<p class=\"has-ti-fg-color has-text-color has-link-color wp-elements-bad6376dcc3b22a5c45e76d579329e4b\"><strong>1. <\/strong>Na zmian\u0119 wyci\u0105gacie klocki z wie\u017cy i uk\u0142adacie je na samej g\u00f3rze, tworz\u0105c coraz wy\u017csz\u0105 konstrukcj\u0119.<\/p>\n\n\n\n<p class=\"has-ti-fg-color has-text-color has-link-color wp-elements-d4abf84bd7f8923117b0dedfdb5be74c\"><strong>2.<\/strong> Osoba, kt\u00f3ra wyci\u0105gnie klocek, musi doko\u0144czy\u0107 napisane na nim zdanie.<\/p>\n\n\n\n<ul class=\"wp-block-list\">\n<li class=\"has-ti-fg-color has-text-color has-link-color wp-elements-a6cb26ef2c69b14fda3b11386c2f877a\">Wypowied\u017a mo\u017ce by\u0107 kr\u00f3tka lub d\u0142uga, ale zach\u0119ca si\u0119 do rozbudowanego opowiadania.<\/li>\n\n\n\n<li class=\"has-ti-fg-color has-text-color has-link-color wp-elements-28be9f0b89a6eef1c918574a1fd35484\">Druga osoba mo\u017ce zadawa\u0107 dodatkowe pytania.<\/li>\n<\/ul>\n\n\n\n<p class=\"has-ti-fg-color has-text-color has-link-color wp-elements-990ea2ab5c8eba5a92dfd413fb30cebf\"><strong>3.<\/strong> <strong>Ca\u0142a gra opiera si\u0119 na pozytywnych emocjach \u2014 unikamy krytyki i skupiamy si\u0119 na dobrych wspomnieniach, marzeniach i uczuciach.<\/strong><\/p>\n\n\n\n<p class=\"has-ti-fg-color has-text-color has-link-color wp-elements-32daf663cf082396283457c737bcbde6\"><strong>4. <\/strong>Osoba, kt\u00f3ra zburzy wie\u017c\u0119, wykonuje zadanie dla zwi\u0105zku<\/p>\n\n\n\n<ul class=\"wp-block-list\">\n<li class=\"has-ti-fg-color has-text-color has-link-color wp-elements-44118038ebd1047043dcc0f8b18dec14\">przed rozpocz\u0119ciem gry mo\u017cecie ustali\u0107 zadanie<\/li>\n\n\n\n<li class=\"has-ti-fg-color has-text-color has-link-color wp-elements-059f91695e8919da615856581ef54f27\">mo\u017cecie skorzysta\u0107 z listy do\u0142\u0105czonej w zestawie np. losuj\u0105c je za pomoc\u0105 kostek (pomn\u00f3\u017ccie wynik z dw\u00f3ch rzut\u00f3w)<\/li>\n<\/ul>\n<\/div>\n<\/div>\n\n\n\n<div class=\"wp-block-group alignfull has-ti-fg-background-color has-background is-layout-constrained wp-block-group-is-layout-constrained\" style=\"margin-top:0;margin-bottom:0;padding-top:64px;padding-bottom:64px\">\n<div class=\"wp-block-columns alignwide is-layout-flex wp-container-core-columns-is-layout-28232c24 wp-block-columns-is-layout-flex\">\n<div class=\"wp-block-column is-layout-flow wp-block-column-is-layout-flow\">\n<figure class=\"wp-block-image size-full\"><img loading=\"lazy\" decoding=\"async\" width=\"2127\" height=\"2560\" src=\"http:\/\/psychologbarczynska.pl\/wp-content\/uploads\/2025\/11\/para-bawi-sie-w-nocy-1-scaled.jpg\" alt=\"\" class=\"wp-image-262\" srcset=\"https:\/\/psychologbarczynska.pl\/wp-content\/uploads\/2025\/11\/para-bawi-sie-w-nocy-1-scaled.jpg 2127w, https:\/\/psychologbarczynska.pl\/wp-content\/uploads\/2025\/11\/para-bawi-sie-w-nocy-1-249x300.jpg 249w, https:\/\/psychologbarczynska.pl\/wp-content\/uploads\/2025\/11\/para-bawi-sie-w-nocy-1-851x1024.jpg 851w, https:\/\/psychologbarczynska.pl\/wp-content\/uploads\/2025\/11\/para-bawi-sie-w-nocy-1-768x925.jpg 768w, https:\/\/psychologbarczynska.pl\/wp-content\/uploads\/2025\/11\/para-bawi-sie-w-nocy-1-1276x1536.jpg 1276w, https:\/\/psychologbarczynska.pl\/wp-content\/uploads\/2025\/11\/para-bawi-sie-w-nocy-1-1701x2048.jpg 1701w\" sizes=\"auto, (max-width: 2127px) 100vw, 2127px\" \/><\/figure>\n<\/div>\n\n\n\n<div class=\"wp-block-column is-vertically-aligned-center has-ti-bg-color has-text-color has-link-color wp-elements-f0d82aad4da41baeb6cc3d524a04823d is-layout-flow wp-block-column-is-layout-flow\" style=\"padding-top:24px;padding-right:24px;padding-bottom:24px;padding-left:24px\">\n<p class=\"has-medium-font-size\">Dla kogo jest ta gra:<\/p>\n\n\n\n<p>\u2764\ufe0f Dla zakochanych, narzeczonych, a tak\u017ce ma\u0142\u017ce\u0144stw z d\u0142ugoletnim sta\u017cem,<\/p>\n\n\n\n<p>\u2764\ufe0f dla par, kt\u00f3re chc\u0105 si\u0119 zbli\u017cy\u0107, lepiej pozna\u0107 i stworzy\u0107 g\u0142\u0119bok\u0105 wi\u0119\u017a,<\/p>\n\n\n\n<p>\u2764\ufe0f dla par, kt\u00f3re lubi\u0105 randki w domu,<\/p>\n\n\n\n<p>\u2764\ufe0f dla os\u00f3b, kt\u00f3re chc\u0105 sprawi\u0107 wyj\u0105tkowy prezent dla drugiej po\u0142\u00f3wki lub dla znajomej pary z okazji \u015blubu, czy rocznicy <\/p>\n\n\n\n<p><\/p>\n<\/div>\n<\/div>\n<\/div>\n\n\n\n<div class=\"wp-block-group alignfull has-ti-accent-secondary-background-color has-background is-layout-constrained wp-block-group-is-layout-constrained\" style=\"margin-top:0;margin-bottom:0;padding-top:64px;padding-bottom:64px\">\n<div class=\"wp-block-columns alignwide is-layout-flex wp-container-core-columns-is-layout-28232c24 wp-block-columns-is-layout-flex\">\n<div class=\"wp-block-column is-vertically-aligned-center is-layout-flow wp-block-column-is-layout-flow\" style=\"padding-top:24px;padding-right:24px;padding-bottom:24px;padding-left:24px\">\n<p class=\"has-large-font-size\"><strong>Dlaczego warto?<\/strong><\/p>\n\n\n\n<p class=\"has-black-color has-text-color has-link-color has-medium-font-size wp-elements-9a6db1321d7cf70ddf5e6fec67cd6bda\"><strong>Pomo\u017ce Wam lepiej si\u0119 pozna\u0107, nawet po latach razem &#8211; rozmawiacie o tym, o czym na co dzie\u0144 cz\u0119sto si\u0119 milczy, uczy wdzi\u0119czno\u015bci, blisko\u015bci i szczero\u015bci.<\/strong><\/p>\n\n\n\n<p class=\"has-black-color has-text-color has-link-color has-medium-font-size wp-elements-fa3eb6e9bd3237a55f866c5e8dbe143a\"><strong>Zainspiruje do rozm\u00f3w o uczuciach, marzeniach i wspomnieniach &#8211; buduje emocjonalne po\u0142\u0105czenie i pog\u0142\u0119bia wasz\u0105 relacj\u0119.<\/strong><\/p>\n\n\n\n<p class=\"has-black-color has-text-color has-link-color has-medium-font-size wp-elements-88e3aa1fae4d5aec06568435add11b4f\"><strong>Wprowadzi wi\u0119cej czu\u0142o\u015bci, ciep\u0142a i \u015bmiechu do codzienno\u015bci.<\/strong><\/p>\n\n\n\n<p class=\"has-black-color has-text-color has-link-color has-medium-font-size wp-elements-587d3d3c5fc8d210a2f4ed226f46ce28\"><strong>Stworzy wyj\u0105tkow\u0105 atmosfer\u0119 \u2013 idealn\u0105 na randk\u0119 w domu.<\/strong><\/p>\n\n\n\n<p class=\"has-black-color has-text-color has-link-color has-medium-font-size wp-elements-9342bc5a351845234d64df3c04d586e8\"><strong>Eko wydanie \u2013 w 100% bez plastiku.<\/strong><\/p>\n<\/div>\n\n\n\n<div class=\"wp-block-column is-layout-flow wp-block-column-is-layout-flow\">\n<figure class=\"wp-block-image size-full\"><img loading=\"lazy\" decoding=\"async\" width=\"1920\" height=\"2560\" src=\"http:\/\/psychologbarczynska.pl\/wp-content\/uploads\/2025\/11\/IMG_20251112_193442319_MF_PORTRAIT3-scaled.jpg\" alt=\"\" class=\"wp-image-250\" srcset=\"https:\/\/psychologbarczynska.pl\/wp-content\/uploads\/2025\/11\/IMG_20251112_193442319_MF_PORTRAIT3-scaled.jpg 1920w, https:\/\/psychologbarczynska.pl\/wp-content\/uploads\/2025\/11\/IMG_20251112_193442319_MF_PORTRAIT3-225x300.jpg 225w, https:\/\/psychologbarczynska.pl\/wp-content\/uploads\/2025\/11\/IMG_20251112_193442319_MF_PORTRAIT3-768x1024.jpg 768w, https:\/\/psychologbarczynska.pl\/wp-content\/uploads\/2025\/11\/IMG_20251112_193442319_MF_PORTRAIT3-1152x1536.jpg 1152w, https:\/\/psychologbarczynska.pl\/wp-content\/uploads\/2025\/11\/IMG_20251112_193442319_MF_PORTRAIT3-1536x2048.jpg 1536w\" sizes=\"auto, (max-width: 1920px) 100vw, 1920px\" \/><\/figure>\n<\/div>\n<\/div>\n<\/div>\n\n\n\n<div class=\"wp-block-cover alignfull\" style=\"margin-top:0;margin-bottom:0;padding-top:24px;padding-right:24px;padding-bottom:24px;padding-left:24px;min-height:500px;aspect-ratio:unset;\"><span aria-hidden=\"true\" class=\"wp-block-cover__background has-ti-accent-background-color has-background-dim-100 has-background-dim\"><\/span><div class=\"wp-block-cover__inner-container is-layout-flow wp-block-cover-is-layout-flow\">\n<div class=\"wp-block-group has-ti-fg-alt-color has-text-color is-layout-constrained wp-block-group-is-layout-constrained\">\n<h2 class=\"wp-block-heading alignwide has-text-align-center has-huge-font-size\">Mi\u0142osna Wie\u017ca \u2013 bo mi\u0142o\u015b\u0107, tak jak wie\u017ca, wymaga r\u00f3wnowagi, uwagi i wsp\u00f3lnego budowania.<\/h2>\n\n\n\n<div class=\"wp-block-buttons is-content-justification-center is-layout-flex wp-container-core-buttons-is-layout-a89b3969 wp-block-buttons-is-layout-flex\">\n<div class=\"wp-block-button\"><a class=\"wp-block-button__link has-ti-bg-alt-background-color has-background wp-element-button\" href=\"https:\/\/psychologbarczynska.pl\/index.php\/zamowienie-z-rabatem\/\">Zam\u00f3w (129z\u0142)<\/a><\/div>\n\n\n\n<div class=\"wp-block-button\"><a class=\"wp-block-button__link has-ti-bg-alt-background-color has-background wp-element-button\" href=\"https:\/\/allegro.pl\/produkt\/gra-planszowa-milosna-wieza-dla-par-druk_uv-003ab979-3a3e-4fbc-b11d-d42bfb4701a3?srsltid=AfmBOoqoFm9RpN94Qe-4FoKhCgrEk-QS8L7DVFIkqMy36QPu3qGWlmEG&amp;offerId=18076561894\">Zam\u00f3w na allegro (149z\u0142)<\/a><\/div>\n<\/div>\n<\/div>\n<\/div><\/div>\n","protected":false},"excerpt":{"rendered":"<p>Mi\u0142osna wie\u017ca (tylko dla par) &#8211; gra, kt\u00f3ra zbli\u017ca dwoje ludzi. Odkryj na nowo blisko\u015b\u0107, rozmow\u0119 i magi\u0119 drobnych gest\u00f3w, bo mi\u0142o\u015b\u0107 to co\u015b, co warto piel\u0119gnowa\u0107 ka\u017cdego dnia! Mi\u0142osna Wie\u017ca to wyj\u0105tkowa gra dla par, kt\u00f3ra \u0142\u0105czy klasyczn\u0105 zabaw\u0119 w budowanie wie\u017cy z g\u0142\u0119bokimi rozmowami, czu\u0142ymi pytaniami i romantycznymi wyzwaniami. To spos\u00f3b na wiecz\u00f3r [&hellip;]<\/p>\n","protected":false},"author":1,"featured_media":250,"parent":0,"menu_order":0,"comment_status":"closed","ping_status":"closed","template":"","meta":{"_themeisle_gutenberg_block_has_review":false,"footnotes":""},"class_list":["post-247","page","type-page","status-publish","has-post-thumbnail","hentry"],"_links":{"self":[{"href":"https:\/\/psychologbarczynska.pl\/index.php\/wp-json\/wp\/v2\/pages\/247","targetHints":{"allow":["GET"]}}],"collection":[{"href":"https:\/\/psychologbarczynska.pl\/index.php\/wp-json\/wp\/v2\/pages"}],"about":[{"href":"https:\/\/psychologbarczynska.pl\/index.php\/wp-json\/wp\/v2\/types\/page"}],"author":[{"embeddable":true,"href":"https:\/\/psychologbarczynska.pl\/index.php\/wp-json\/wp\/v2\/users\/1"}],"replies":[{"embeddable":true,"href":"https:\/\/psychologbarczynska.pl\/index.php\/wp-json\/wp\/v2\/comments?post=247"}],"version-history":[{"count":14,"href":"https:\/\/psychologbarczynska.pl\/index.php\/wp-json\/wp\/v2\/pages\/247\/revisions"}],"predecessor-version":[{"id":351,"href":"https:\/\/psychologbarczynska.pl\/index.php\/wp-json\/wp\/v2\/pages\/247\/revisions\/351"}],"wp:featuredmedia":[{"embeddable":true,"href":"https:\/\/psychologbarczynska.pl\/index.php\/wp-json\/wp\/v2\/media\/250"}],"wp:attachment":[{"href":"https:\/\/psychologbarczynska.pl\/index.php\/wp-json\/wp\/v2\/media?parent=247"}],"curies":[{"name":"wp","href":"https:\/\/api.w.org\/{rel}","templated":true}]}}