{"id":25,"date":"2024-10-25T07:58:15","date_gmt":"2024-10-25T07:58:15","guid":{"rendered":"https:\/\/psychologbarczynska.pl\/?page_id=25"},"modified":"2025-11-27T21:59:51","modified_gmt":"2025-11-27T21:59:51","slug":"blog","status":"publish","type":"page","link":"https:\/\/psychologbarczynska.pl\/index.php\/blog\/","title":{"rendered":"Blog"},"content":{"rendered":"\n<figure class=\"wp-block-image aligncenter size-large is-resized\"><img loading=\"lazy\" decoding=\"async\" width=\"1024\" height=\"171\" src=\"http:\/\/psychologbarczynska.pl\/wp-content\/uploads\/2024\/11\/Projekt-bez-nazwy-10-1024x171.png\" alt=\"\" class=\"wp-image-143\" style=\"width:408px;height:auto\" srcset=\"https:\/\/psychologbarczynska.pl\/wp-content\/uploads\/2024\/11\/Projekt-bez-nazwy-10-1024x171.png 1024w, https:\/\/psychologbarczynska.pl\/wp-content\/uploads\/2024\/11\/Projekt-bez-nazwy-10-300x50.png 300w, https:\/\/psychologbarczynska.pl\/wp-content\/uploads\/2024\/11\/Projekt-bez-nazwy-10-768x128.png 768w, https:\/\/psychologbarczynska.pl\/wp-content\/uploads\/2024\/11\/Projekt-bez-nazwy-10.png 1026w\" sizes=\"auto, (max-width: 1024px) 100vw, 1024px\" \/><\/figure>\n\n\n\n<div class=\"wp-block-group alignfull has-ti-fg-color has-ti-bg-alt-background-color has-text-color has-background has-link-color wp-elements-29e6ba4eaecda5dc41847da055ef2000 is-layout-constrained wp-container-core-group-is-layout-43e22029 wp-block-group-is-layout-constrained\" style=\"margin-top:0px;margin-bottom:0px;padding-top:64px;padding-bottom:64px\">\n<div class=\"wp-block-query alignwide is-layout-flow wp-block-query-is-layout-flow\"><ul class=\"wp-block-post-template is-layout-flow wp-block-post-template-is-layout-flow\"><li class=\"wp-block-post post-317 post type-post status-publish format-standard has-post-thumbnail hentry category-uncategorized\">\n\n<div class=\"wp-block-columns is-layout-flex wp-container-core-columns-is-layout-28f84493 wp-block-columns-is-layout-flex\">\n<div class=\"wp-block-column is-layout-flow wp-block-column-is-layout-flow\" style=\"flex-basis:30%\"><figure class=\"wp-block-post-featured-image\"><img loading=\"lazy\" decoding=\"async\" width=\"1000\" height=\"667\" src=\"https:\/\/psychologbarczynska.pl\/wp-content\/uploads\/2025\/11\/2150229928.jpg\" class=\"attachment-post-thumbnail size-post-thumbnail wp-post-image\" alt=\"\" style=\"object-fit:cover;\" srcset=\"https:\/\/psychologbarczynska.pl\/wp-content\/uploads\/2025\/11\/2150229928.jpg 1000w, https:\/\/psychologbarczynska.pl\/wp-content\/uploads\/2025\/11\/2150229928-300x200.jpg 300w, https:\/\/psychologbarczynska.pl\/wp-content\/uploads\/2025\/11\/2150229928-768x512.jpg 768w\" sizes=\"auto, (max-width: 1000px) 100vw, 1000px\" \/><\/figure><\/div>\n\n\n\n<div class=\"wp-block-column is-vertically-aligned-center is-layout-flow wp-container-core-column-is-layout-6b73ce23 wp-block-column-is-layout-flow\"><h3 class=\"wp-block-post-title\">&#8222;Tw\u00f3j zwi\u0105zek przechodzi kryzys, a jedna osoba nie chce i\u015b\u0107 na terapi\u0119? Poznaj najcz\u0119stsze obawy i odpowiedzi\u201d<\/h3>\n\n<div class=\"wp-block-post-date has-small-font-size\"><time datetime=\"2025-11-27T21:55:28+00:00\">27 listopada, 2025<\/time><\/div>\n\n<div class=\"wp-block-post-excerpt\"><p class=\"wp-block-post-excerpt__excerpt\">Kiedy w zwi\u0105zku zaczyna by\u0107 trudno, wiele par my\u015bli o terapii, ale tylko cz\u0119\u015b\u0107 decyduje si\u0119 na pierwszy krok. Bardzo cz\u0119sto to jedna osoba widzi potrzeb\u0119 rozmowy ze specjalist\u0105, a druga\u2014z r\u00f3\u017cnych powod\u00f3w\u2014nie chce spr\u00f3bowa\u0107. Czy to zawsze oznacza, \u017ce \u201enie ma sensu\u201d? Niekoniecznie. Najpierw warto pozna\u0107 najcz\u0119stsze obawy przed terapi\u0105 par i zobaczy\u0107, czy&hellip; <\/p><\/div>\n\n\n<div class=\"wp-block-buttons is-content-justification-left is-layout-flex wp-container-core-buttons-is-layout-fc4fd283 wp-block-buttons-is-layout-flex\">\n<div class=\"wp-block-button is-style-fill\"><a class=\"wp-block-button__link wp-element-button\" href=\"https:\/\/psychologbarczynska.pl\/index.php\/2025\/11\/27\/twoj-zwiazek-jest-w-kryzysie-a-ty-lub-twoj-partner-nie-chcesz-isc-na-terapie-oto-najczestsze-obawy-i-odpowiedzi\/\">czytaj dalej<\/a><\/div>\n<\/div>\n<\/div>\n<\/div>\n\n<\/li><li class=\"wp-block-post post-1 post type-post status-publish format-standard has-post-thumbnail hentry\">\n\n<div class=\"wp-block-columns is-layout-flex wp-container-core-columns-is-layout-28f84493 wp-block-columns-is-layout-flex\">\n<div class=\"wp-block-column is-layout-flow wp-block-column-is-layout-flow\" style=\"flex-basis:30%\"><figure class=\"wp-block-post-featured-image\"><img loading=\"lazy\" decoding=\"async\" width=\"2560\" height=\"1707\" src=\"https:\/\/psychologbarczynska.pl\/wp-content\/uploads\/2024\/10\/pexels-cottonbro-4101143-1-scaled.jpg\" class=\"attachment-post-thumbnail size-post-thumbnail wp-post-image\" alt=\"\" style=\"object-fit:cover;\" srcset=\"https:\/\/psychologbarczynska.pl\/wp-content\/uploads\/2024\/10\/pexels-cottonbro-4101143-1-scaled.jpg 2560w, https:\/\/psychologbarczynska.pl\/wp-content\/uploads\/2024\/10\/pexels-cottonbro-4101143-1-300x200.jpg 300w, https:\/\/psychologbarczynska.pl\/wp-content\/uploads\/2024\/10\/pexels-cottonbro-4101143-1-1024x683.jpg 1024w, https:\/\/psychologbarczynska.pl\/wp-content\/uploads\/2024\/10\/pexels-cottonbro-4101143-1-768x512.jpg 768w, https:\/\/psychologbarczynska.pl\/wp-content\/uploads\/2024\/10\/pexels-cottonbro-4101143-1-1536x1024.jpg 1536w, https:\/\/psychologbarczynska.pl\/wp-content\/uploads\/2024\/10\/pexels-cottonbro-4101143-1-2048x1365.jpg 2048w\" sizes=\"auto, (max-width: 2560px) 100vw, 2560px\" \/><\/figure><\/div>\n\n\n\n<div class=\"wp-block-column is-vertically-aligned-center is-layout-flow wp-container-core-column-is-layout-6b73ce23 wp-block-column-is-layout-flow\"><h3 class=\"wp-block-post-title\">Jak wygl\u0105da pierwsze spotkanie z psychologiem?<\/h3>\n\n<div class=\"wp-block-post-date has-small-font-size\"><time datetime=\"2024-10-24T19:09:40+00:00\">24 pa\u017adziernika, 2024<\/time><\/div>\n\n<div class=\"wp-block-post-excerpt\"><p class=\"wp-block-post-excerpt__excerpt\">Pierwsze spotkanie z psychologiem, to dla wielu os\u00f3b stresuj\u0105ce wydarzenie. Cz\u0119sto pojawia si\u0119 niepewno\u015b\u0107 zwi\u0105zana z my\u015blami: \u201cCo to b\u0119dzie?\u201d, \u201cO co b\u0119d\u0119 pytany\/a?\u201d, \u201cJak mam si\u0119 zachowywa\u0107?\u201d. Niekiedy ten stres spowodowany jest l\u0119kiem i obawami: \u201cCo sobie o mnie ona\/on pomy\u015bli?\u201d, \u201cCo je\u015bli wyjdzie, \u017ce jestem zaburzony\/nie taki jak by\u0107 powinienem?\u201d, \u201cNa pewno \u017ale&hellip; <\/p><\/div>\n\n\n<div class=\"wp-block-buttons is-content-justification-left is-layout-flex wp-container-core-buttons-is-layout-fc4fd283 wp-block-buttons-is-layout-flex\">\n<div class=\"wp-block-button is-style-fill\"><a class=\"wp-block-button__link wp-element-button\" href=\"https:\/\/psychologbarczynska.pl\/index.php\/2025\/11\/27\/twoj-zwiazek-jest-w-kryzysie-a-ty-lub-twoj-partner-nie-chcesz-isc-na-terapie-oto-najczestsze-obawy-i-odpowiedzi\/\">czytaj dalej<\/a><\/div>\n<\/div>\n<\/div>\n<\/div>\n\n<\/li><\/ul>\n\n\n\n<\/div>\n<\/div>\n","protected":false},"excerpt":{"rendered":"","protected":false},"author":1,"featured_media":0,"parent":0,"menu_order":0,"comment_status":"closed","ping_status":"closed","template":"","meta":{"_themeisle_gutenberg_block_has_review":false,"footnotes":""},"class_list":["post-25","page","type-page","status-publish","hentry"],"_links":{"self":[{"href":"https:\/\/psychologbarczynska.pl\/index.php\/wp-json\/wp\/v2\/pages\/25","targetHints":{"allow":["GET"]}}],"collection":[{"href":"https:\/\/psychologbarczynska.pl\/index.php\/wp-json\/wp\/v2\/pages"}],"about":[{"href":"https:\/\/psychologbarczynska.pl\/index.php\/wp-json\/wp\/v2\/types\/page"}],"author":[{"embeddable":true,"href":"https:\/\/psychologbarczynska.pl\/index.php\/wp-json\/wp\/v2\/users\/1"}],"replies":[{"embeddable":true,"href":"https:\/\/psychologbarczynska.pl\/index.php\/wp-json\/wp\/v2\/comments?post=25"}],"version-history":[{"count":12,"href":"https:\/\/psychologbarczynska.pl\/index.php\/wp-json\/wp\/v2\/pages\/25\/revisions"}],"predecessor-version":[{"id":338,"href":"https:\/\/psychologbarczynska.pl\/index.php\/wp-json\/wp\/v2\/pages\/25\/revisions\/338"}],"wp:attachment":[{"href":"https:\/\/psychologbarczynska.pl\/index.php\/wp-json\/wp\/v2\/media?parent=25"}],"curies":[{"name":"wp","href":"https:\/\/api.w.org\/{rel}","templated":true}]}}