{"id":274,"date":"2025-11-18T21:04:29","date_gmt":"2025-11-18T21:04:29","guid":{"rendered":"https:\/\/psychologbarczynska.pl\/?page_id=274"},"modified":"2025-12-05T09:09:15","modified_gmt":"2025-12-05T09:09:15","slug":"zamowienie-z-rabatem","status":"publish","type":"page","link":"https:\/\/psychologbarczynska.pl\/index.php\/zamowienie-z-rabatem\/","title":{"rendered":"Zam\u00f3w taniej (129z\u0142)"},"content":{"rendered":"\n<div class=\"wp-block-group alignfull is-layout-constrained wp-container-core-group-is-layout-4fdf28be wp-block-group-is-layout-constrained\" style=\"margin-top:0px;margin-bottom:0px;padding-top:64px;padding-bottom:64px\">\n<div class=\"wp-block-group alignwide is-layout-constrained wp-container-core-group-is-layout-105570a8 wp-block-group-is-layout-constrained\">\n<h2 class=\"wp-block-heading has-text-align-center\">Kroki zam\u00f3wienia<\/h2>\n\n\n\n<p class=\"has-text-align-center\"><strong>Mo\u017cesz napisa\u0107 na adres: druk.uv.czechowice@gmial.com<\/strong><\/p>\n\n\n\n<p class=\"has-text-align-center\">lub<\/p>\n<\/div>\n\n\n\n<div class=\"wp-block-columns alignwide is-layout-flex wp-container-core-columns-is-layout-28f84493 wp-block-columns-is-layout-flex\">\n<div class=\"wp-block-column is-layout-flow wp-block-column-is-layout-flow\" style=\"flex-basis:33.34%\">\n<div class=\"wp-block-group has-ti-bg-alt-background-color has-background is-layout-constrained wp-container-core-group-is-layout-54d875c6 wp-block-group-is-layout-constrained\" style=\"border-radius:5px;padding-top:32px;padding-right:32px;padding-bottom:32px;padding-left:32px\">\n<h3 class=\"wp-block-heading has-text-align-center has-medium-font-size\">1. Wybierz metod\u0119 dostawy<\/h3>\n\n\n\n<p>Paczkomat Inpost: 18z\u0142<\/p>\n\n\n\n<p>Kurier Inpost: 20z\u0142<\/p>\n\n\n\n<p>DPD Pickup: 15z\u0142<\/p>\n<\/div>\n<\/div>\n\n\n\n<div class=\"wp-block-column is-layout-flow wp-container-core-column-is-layout-1a0eff7f wp-block-column-is-layout-flow\" style=\"flex-basis:33.34%\">\n<div class=\"wp-block-group has-ti-bg-alt-background-color has-background is-layout-constrained wp-container-core-group-is-layout-54d875c6 wp-block-group-is-layout-constrained\" style=\"border-radius:5px;padding-top:32px;padding-right:32px;padding-bottom:32px;padding-left:32px\">\n<h3 class=\"wp-block-heading has-text-align-center has-medium-font-size\">2. Policz <\/h3>\n\n\n\n<p>+ koszt gry (129z\u0142)<\/p>\n\n\n\n<p>+ dostawa<\/p>\n\n\n\n<p>&#8211; kod promocyjny (je\u015bli taki masz)<\/p>\n<\/div>\n<\/div>\n\n\n\n<div class=\"wp-block-column is-layout-flow wp-container-core-column-is-layout-1a0eff7f wp-block-column-is-layout-flow\" style=\"flex-basis:33.33%\">\n<div class=\"wp-block-group has-ti-bg-alt-background-color has-background is-layout-constrained wp-container-core-group-is-layout-9a0d9e06 wp-block-group-is-layout-constrained\" style=\"border-radius:5px;padding-top:32px;padding-right:32px;padding-bottom:32px;padding-left:32px\">\n<h3 class=\"wp-block-heading has-text-align-center has-medium-font-size\">3. Wykonaj przelew <\/h3>\n\n\n\n<p class=\"has-text-align-center\">Dane odbiorcy:<\/p>\n\n\n\n<p>Patryk Figiel Druk UV<\/p>\n\n\n\n<p>27105010701000009151584324<\/p>\n\n\n\n<p class=\"has-text-align-center\">W tytule wpisz sw\u00f3j adres mailowy.<\/p>\n<\/div>\n<\/div>\n<\/div>\n\n\n\n<div class=\"wp-block-columns alignwide is-layout-flex wp-container-core-columns-is-layout-28f84493 wp-block-columns-is-layout-flex\">\n<div class=\"wp-block-column is-layout-flow wp-block-column-is-layout-flow\" style=\"flex-basis:33.34%\">\n<div class=\"wp-block-group has-ti-bg-alt-background-color has-background is-layout-constrained wp-container-core-group-is-layout-54d875c6 wp-block-group-is-layout-constrained\" style=\"border-radius:5px;padding-top:32px;padding-right:32px;padding-bottom:32px;padding-left:32px\">\n<h3 class=\"wp-block-heading has-text-align-center has-medium-font-size\">4. Wy\u015blij maila<\/h3>\n\n\n\n<p class=\"has-text-align-center\">&#8230; na adres: druk.uv.czechowice@gmial.com<\/p>\n\n\n\n<p>Zamie\u015b\u0107 w nim:<\/p>\n\n\n\n<ul class=\"wp-block-list\">\n<li>metod\u0119 dostawy<\/li>\n\n\n\n<li>rodzaj gry (Rodzinna Wie\u017ca\/Mi\u0142osna Wie\u017ca)<\/li>\n\n\n\n<li>dane do przesy\u0142ki (imi\u0119 i nazwisko, adres, email, numer telefonu)<\/li>\n\n\n\n<li>potwierdzenie zap\u0142aty <\/li>\n\n\n\n<li>kod promocyjny<\/li>\n<\/ul>\n<\/div>\n<\/div>\n\n\n\n<div class=\"wp-block-column is-layout-flow wp-block-column-is-layout-flow\" style=\"flex-basis:33.34%\">\n<div class=\"wp-block-group has-ti-bg-alt-background-color has-background is-layout-constrained wp-container-core-group-is-layout-54d875c6 wp-block-group-is-layout-constrained\" style=\"border-radius:5px;padding-top:32px;padding-right:32px;padding-bottom:32px;padding-left:32px\">\n<h3 class=\"wp-block-heading has-text-align-center has-medium-font-size\">5. Czekaj na dostaw\u0119<\/h3>\n<\/div>\n<\/div>\n\n\n\n<div class=\"wp-block-column is-layout-flow wp-block-column-is-layout-flow\" style=\"flex-basis:33.33%\">\n<div class=\"wp-block-group has-ti-bg-alt-background-color has-background is-layout-constrained wp-container-core-group-is-layout-54d875c6 wp-block-group-is-layout-constrained\" style=\"border-radius:5px;padding-top:32px;padding-right:32px;padding-bottom:32px;padding-left:32px\">\n<h3 class=\"wp-block-heading has-text-align-center has-medium-font-size\">6. Ciesz si\u0119 gr\u0105<\/h3>\n<\/div>\n<\/div>\n<\/div>\n<\/div>\n","protected":false},"excerpt":{"rendered":"<p>Kroki zam\u00f3wienia Mo\u017cesz napisa\u0107 na adres: druk.uv.czechowice@gmial.com lub 1. Wybierz metod\u0119 dostawy Paczkomat Inpost: 18z\u0142 Kurier Inpost: 20z\u0142 DPD Pickup: 15z\u0142 2. Policz + koszt gry (129z\u0142) + dostawa &#8211; kod promocyjny (je\u015bli taki masz) 3. Wykonaj przelew Dane odbiorcy: Patryk Figiel Druk UV 27105010701000009151584324 W tytule wpisz sw\u00f3j adres mailowy. 4. Wy\u015blij maila &#8230; [&hellip;]<\/p>\n","protected":false},"author":1,"featured_media":0,"parent":0,"menu_order":0,"comment_status":"closed","ping_status":"closed","template":"","meta":{"_themeisle_gutenberg_block_has_review":false,"footnotes":""},"class_list":["post-274","page","type-page","status-publish","hentry"],"_links":{"self":[{"href":"https:\/\/psychologbarczynska.pl\/index.php\/wp-json\/wp\/v2\/pages\/274","targetHints":{"allow":["GET"]}}],"collection":[{"href":"https:\/\/psychologbarczynska.pl\/index.php\/wp-json\/wp\/v2\/pages"}],"about":[{"href":"https:\/\/psychologbarczynska.pl\/index.php\/wp-json\/wp\/v2\/types\/page"}],"author":[{"embeddable":true,"href":"https:\/\/psychologbarczynska.pl\/index.php\/wp-json\/wp\/v2\/users\/1"}],"replies":[{"embeddable":true,"href":"https:\/\/psychologbarczynska.pl\/index.php\/wp-json\/wp\/v2\/comments?post=274"}],"version-history":[{"count":4,"href":"https:\/\/psychologbarczynska.pl\/index.php\/wp-json\/wp\/v2\/pages\/274\/revisions"}],"predecessor-version":[{"id":349,"href":"https:\/\/psychologbarczynska.pl\/index.php\/wp-json\/wp\/v2\/pages\/274\/revisions\/349"}],"wp:attachment":[{"href":"https:\/\/psychologbarczynska.pl\/index.php\/wp-json\/wp\/v2\/media?parent=274"}],"curies":[{"name":"wp","href":"https:\/\/api.w.org\/{rel}","templated":true}]}}