{"id":279,"date":"2025-11-20T14:07:46","date_gmt":"2025-11-20T14:07:46","guid":{"rendered":"https:\/\/psychologbarczynska.pl\/?page_id=279"},"modified":"2025-12-05T09:09:53","modified_gmt":"2025-12-05T09:09:53","slug":"rodzinna-wieza","status":"publish","type":"page","link":"https:\/\/psychologbarczynska.pl\/index.php\/rodzinna-wieza\/","title":{"rendered":"Rodzinna wie\u017ca"},"content":{"rendered":"\n<div class=\"wp-block-group alignfull has-ti-fg-alt-color has-ti-fg-background-color has-text-color has-background has-link-color wp-elements-c7424e5c6d6bbaa06b90184dbb3cb656 is-layout-constrained wp-block-group-is-layout-constrained\" style=\"margin-top:0;margin-bottom:0;padding-top:64px;padding-bottom:64px\">\n<div class=\"wp-block-columns alignwide is-layout-flex wp-container-core-columns-is-layout-28232c24 wp-block-columns-is-layout-flex\">\n<div class=\"wp-block-column is-layout-flow wp-block-column-is-layout-flow\">\n<figure class=\"wp-block-image size-full\"><img loading=\"lazy\" decoding=\"async\" width=\"2048\" height=\"2560\" src=\"http:\/\/psychologbarczynska.pl\/wp-content\/uploads\/2025\/11\/IMG_20251112_203801072_MF_PORTRAIT2-scaled.jpg\" alt=\"\" class=\"wp-image-283\" srcset=\"https:\/\/psychologbarczynska.pl\/wp-content\/uploads\/2025\/11\/IMG_20251112_203801072_MF_PORTRAIT2-scaled.jpg 2048w, https:\/\/psychologbarczynska.pl\/wp-content\/uploads\/2025\/11\/IMG_20251112_203801072_MF_PORTRAIT2-240x300.jpg 240w, https:\/\/psychologbarczynska.pl\/wp-content\/uploads\/2025\/11\/IMG_20251112_203801072_MF_PORTRAIT2-819x1024.jpg 819w, https:\/\/psychologbarczynska.pl\/wp-content\/uploads\/2025\/11\/IMG_20251112_203801072_MF_PORTRAIT2-768x960.jpg 768w, https:\/\/psychologbarczynska.pl\/wp-content\/uploads\/2025\/11\/IMG_20251112_203801072_MF_PORTRAIT2-1229x1536.jpg 1229w, https:\/\/psychologbarczynska.pl\/wp-content\/uploads\/2025\/11\/IMG_20251112_203801072_MF_PORTRAIT2-1638x2048.jpg 1638w\" sizes=\"auto, (max-width: 2048px) 100vw, 2048px\" \/><\/figure>\n<\/div>\n\n\n\n<div class=\"wp-block-column is-vertically-aligned-center is-layout-flow wp-block-column-is-layout-flow\" style=\"padding-top:24px;padding-right:24px;padding-bottom:24px;padding-left:24px\">\n<h2 class=\"wp-block-heading\"><strong>Rodzinna wie\u017ca \u2013 gra, kt\u00f3ra zbli\u017ca<\/strong> pokolenia<\/h2>\n\n\n\n<h3 class=\"wp-block-heading\">\ud83d\udc9bBudujcie wie\u017c\u0119 &#8211; budujcie relacje<\/h3>\n\n\n\n<p><\/p>\n\n\n\n<p>Rodzinna Wie\u017ca to wyj\u0105tkowa gra dla ca\u0142ej rodziny, stworzona przez psychologa, kt\u00f3ra \u0142\u0105czy klasyczn\u0105 zabaw\u0119 w budowanie wie\u017cy z g\u0142\u0119bokimi rozmowami i weso\u0142ymi wyzwaniami. Jest to prosta i lu\u017ana gra, kt\u00f3rej celem jest wzmocnienie wi\u0119zi i wype\u0142nienie domu pozytywn\u0105 energi\u0105.<\/p>\n<\/div>\n<\/div>\n<\/div>\n\n\n\n<p><\/p>\n\n\n\n<div class=\"wp-block-group alignfull has-ti-fg-color has-ti-fg-alt-background-color has-text-color has-background has-link-color wp-elements-fa4993a90ea5b9669de359a5f82bd1bb is-layout-constrained wp-block-group-is-layout-constrained\" style=\"margin-top:0;margin-bottom:0;padding-top:64px;padding-bottom:64px\">\n<div class=\"wp-block-columns alignwide is-layout-flex wp-container-core-columns-is-layout-28232c24 wp-block-columns-is-layout-flex\">\n<div class=\"wp-block-column is-vertically-aligned-center is-layout-flow wp-block-column-is-layout-flow\" style=\"padding-top:24px;padding-right:24px;padding-bottom:24px;padding-left:24px\">\n<h2 class=\"wp-block-heading\">Co znajdziesz w \u015brodku?<\/h2>\n\n\n\n<p>Zestaw 51 klock\u00f3w z pytaniami lub wyzwaniami, kt\u00f3re rozwijaj\u0105:<\/p>\n\n\n\n<ul class=\"wp-block-list\">\n<li>uwa\u017cno\u015b\u0107 i empati\u0119<\/li>\n\n\n\n<li>wdzi\u0119czno\u015b\u0107 i pozytywne my\u015blenie<\/li>\n\n\n\n<li>umiej\u0119tno\u015b\u0107 rozmowy o emocjach<\/li>\n\n\n\n<li>wsp\u00f3\u0142prac\u0119 i poczucie humoru<\/li>\n<\/ul>\n\n\n\n<p>Klocki podzielone s\u0105 na kategorie:<\/p>\n\n\n\n<ul class=\"wp-block-list\">\n<li>ZADANIA-WYZWANIA<\/li>\n\n\n\n<li>GDYBANIE I SZALONE POMYS\u0141Y<\/li>\n\n\n\n<li>WSPOMNIENIA I DZIECI\u0143STWO<\/li>\n\n\n\n<li>MI\u0141E S\u0141OWA<\/li>\n\n\n\n<li>CODZIENNO\u015a\u0106<\/li>\n<\/ul>\n\n\n\n<div class=\"wp-block-buttons is-layout-flex wp-block-buttons-is-layout-flex\"><\/div>\n<\/div>\n\n\n\n<div class=\"wp-block-column is-layout-flow wp-block-column-is-layout-flow\">\n<figure class=\"wp-block-image size-full\"><img loading=\"lazy\" decoding=\"async\" width=\"1024\" height=\"1536\" src=\"http:\/\/psychologbarczynska.pl\/wp-content\/uploads\/2025\/11\/Foto11-1.webp\" alt=\"\" class=\"wp-image-308\" srcset=\"https:\/\/psychologbarczynska.pl\/wp-content\/uploads\/2025\/11\/Foto11-1.webp 1024w, https:\/\/psychologbarczynska.pl\/wp-content\/uploads\/2025\/11\/Foto11-1-200x300.webp 200w, https:\/\/psychologbarczynska.pl\/wp-content\/uploads\/2025\/11\/Foto11-1-683x1024.webp 683w, https:\/\/psychologbarczynska.pl\/wp-content\/uploads\/2025\/11\/Foto11-1-768x1152.webp 768w\" sizes=\"auto, (max-width: 1024px) 100vw, 1024px\" \/><\/figure>\n<\/div>\n<\/div>\n<\/div>\n\n\n\n<div class=\"wp-block-group alignfull has-ti-bg-alt-background-color has-background is-layout-constrained wp-container-core-group-is-layout-b42db63c wp-block-group-is-layout-constrained\" style=\"margin-top:0;margin-bottom:0;padding-top:var(--wp--preset--spacing--80);padding-right:var(--wp--preset--spacing--50);padding-bottom:var(--wp--preset--spacing--80);padding-left:var(--wp--preset--spacing--50)\">\n<div class=\"wp-block-group alignwide has-ti-fg-alt-color has-ti-fg-alt-background-color has-text-color has-background has-link-color wp-elements-a579655d65d98005af5ddcdbbc37c150 is-layout-constrained wp-container-core-group-is-layout-94e519ba wp-block-group-is-layout-constrained\" style=\"border-radius:16px;padding-top:var(--wp--preset--spacing--80);padding-right:var(--wp--preset--spacing--40);padding-bottom:var(--wp--preset--spacing--80);padding-left:var(--wp--preset--spacing--40)\">\n<p class=\"has-text-align-center has-ti-fg-color has-text-color has-link-color has-medium-font-size wp-elements-1418d9da787de7e654195eb3d64efaf4\"><strong>Jak to dzia\u0142a?<\/strong><\/p>\n\n\n\n<p class=\"has-ti-fg-color has-text-color has-link-color wp-elements-f743c4da39eeaa22cd6e8e81899d6596\">Zasady s\u0105 proste &#8211; jak w klasycznej grze wie\u017ca, z t\u0105 r\u00f3\u017cnic\u0105, \u017ce na ka\u017cdym klocku jest napisane pytanie lub zadanie do wykonania. <\/p>\n\n\n\n<p class=\"has-ti-fg-color has-text-color has-link-color has-normal-font-size wp-elements-1f4fc700180dc39735fc32ce7c52c82f\"><strong>Szczeg\u00f3\u0142owe zasady gry:<\/strong><\/p>\n\n\n\n<p class=\"has-ti-fg-color has-text-color has-link-color wp-elements-bad6376dcc3b22a5c45e76d579329e4b\"><strong>1. <\/strong>Na zmian\u0119 wyci\u0105gacie klocki z wie\u017cy i uk\u0142adacie je na samej g\u00f3rze, tworz\u0105c coraz wy\u017csz\u0105 konstrukcj\u0119.<\/p>\n\n\n\n<ul class=\"wp-block-list\">\n<li class=\"has-ti-fg-color has-text-color has-link-color wp-elements-1c57ff3dc4c8da684d994c266fb64918\">starsi wyci\u0105gaj\u0105 klocki jedn\u0105 r\u0119k\u0105<\/li>\n\n\n\n<li class=\"has-ti-fg-color has-text-color has-link-color wp-elements-f83e753d865e1c35b67e2eedc168ca92\">m\u0142odsi mog\u0105 wyci\u0105ga\u0107 klocki dwoma r\u0119koma.<\/li>\n<\/ul>\n\n\n\n<p class=\"has-ti-fg-color has-text-color has-link-color wp-elements-b26c773d1d6f48310fd5a7564452bf02\"><strong>2.<\/strong> Osoba, kt\u00f3ra wyci\u0105gnie klocek, musi odpowiedzie\u0107 na zapisane na nim pytanie lub wykona\u0107 zadanie.<\/p>\n\n\n\n<ul class=\"wp-block-list\">\n<li class=\"has-ti-fg-color has-text-color has-link-color wp-elements-a6cb26ef2c69b14fda3b11386c2f877a\">Wypowied\u017a mo\u017ce by\u0107 kr\u00f3tka lub d\u0142uga, ale zach\u0119ca si\u0119 do rozbudowanego opowiadania.<\/li>\n\n\n\n<li class=\"has-ti-fg-color has-text-color has-link-color wp-elements-d3052ea27587c483747759a7fc8ffc22\">Inne osoby mog\u0105 zadawa\u0107 dodatkowe pytania.<\/li>\n<\/ul>\n\n\n\n<p class=\"has-ti-fg-color has-text-color has-link-color wp-elements-990ea2ab5c8eba5a92dfd413fb30cebf\"><strong>3.<\/strong> <strong>Ca\u0142a gra opiera si\u0119 na pozytywnych emocjach \u2014 unikamy krytyki i skupiamy si\u0119 na dobrych wspomnieniach, marzeniach i uczuciach.<\/strong><\/p>\n\n\n\n<p class=\"has-ti-fg-color has-text-color has-link-color wp-elements-32daf663cf082396283457c737bcbde6\"><strong>4. <\/strong>Osoba, kt\u00f3ra zburzy wie\u017c\u0119, wykonuje zadanie dla zwi\u0105zku<\/p>\n\n\n\n<ul class=\"wp-block-list\">\n<li class=\"has-ti-fg-color has-text-color has-link-color wp-elements-44118038ebd1047043dcc0f8b18dec14\">przed rozpocz\u0119ciem gry mo\u017cecie ustali\u0107 zadanie<\/li>\n\n\n\n<li class=\"has-ti-fg-color has-text-color has-link-color wp-elements-059f91695e8919da615856581ef54f27\">mo\u017cecie skorzysta\u0107 z listy do\u0142\u0105czonej w zestawie np. losuj\u0105c je za pomoc\u0105 kostek (pomn\u00f3\u017ccie wynik z dw\u00f3ch rzut\u00f3w)<\/li>\n<\/ul>\n<\/div>\n<\/div>\n\n\n\n<div class=\"wp-block-group alignfull has-ti-fg-background-color has-background is-layout-constrained wp-block-group-is-layout-constrained\" style=\"margin-top:0;margin-bottom:0;padding-top:64px;padding-bottom:64px\">\n<div class=\"wp-block-columns alignwide is-layout-flex wp-container-core-columns-is-layout-28232c24 wp-block-columns-is-layout-flex\">\n<div class=\"wp-block-column is-layout-flow wp-block-column-is-layout-flow\">\n<figure class=\"wp-block-image size-full\"><img loading=\"lazy\" decoding=\"async\" width=\"1334\" height=\"1779\" src=\"http:\/\/psychologbarczynska.pl\/wp-content\/uploads\/2025\/11\/2149049208.jpg\" alt=\"\" class=\"wp-image-305\" srcset=\"https:\/\/psychologbarczynska.pl\/wp-content\/uploads\/2025\/11\/2149049208.jpg 1334w, https:\/\/psychologbarczynska.pl\/wp-content\/uploads\/2025\/11\/2149049208-225x300.jpg 225w, https:\/\/psychologbarczynska.pl\/wp-content\/uploads\/2025\/11\/2149049208-768x1024.jpg 768w, https:\/\/psychologbarczynska.pl\/wp-content\/uploads\/2025\/11\/2149049208-1152x1536.jpg 1152w\" sizes=\"auto, (max-width: 1334px) 100vw, 1334px\" \/><\/figure>\n<\/div>\n\n\n\n<div class=\"wp-block-column is-vertically-aligned-center has-ti-bg-color has-text-color has-link-color wp-elements-43ad716fa52c6bd7930a9a74d6cca24e is-layout-flow wp-block-column-is-layout-flow\" style=\"padding-top:24px;padding-right:24px;padding-bottom:24px;padding-left:24px\">\n<p class=\"has-medium-font-size\">Dla kogo jest ta gra:<\/p>\n\n\n\n<ul class=\"wp-block-list\">\n<li>Dla rodzin, kt\u00f3re chc\u0105 lu\u017anej zabawy bez rywalizacji.<\/li>\n\n\n\n<li>Dla rodzin, kt\u00f3re chc\u0105 wi\u0119cej u\u015bmiechu i rado\u015bci w swoim domu.<\/li>\n\n\n\n<li>Dla rodzin, kt\u00f3re potrzebuj\u0105 odbudowy relacji w domu.<\/li>\n\n\n\n<li>Dla rodzic\u00f3w, kt\u00f3rzy chc\u0105 nawi\u0105za\u0107 bli\u017csz\u0105 relacj\u0119 ze swoimi dzie\u0107mi.<\/li>\n\n\n\n<li>Dla ka\u017cdego, kto chce <strong>rozmawia\u0107 wi\u0119cej, \u015bmia\u0107 si\u0119 cz\u0119\u015bciej i by\u0107 bli\u017cej<\/strong><\/li>\n<\/ul>\n\n\n\n<p><\/p>\n<\/div>\n<\/div>\n<\/div>\n\n\n\n<div class=\"wp-block-group alignfull has-ti-accent-secondary-background-color has-background is-layout-constrained wp-block-group-is-layout-constrained\" style=\"margin-top:0;margin-bottom:0;padding-top:64px;padding-bottom:64px\">\n<div class=\"wp-block-columns alignwide is-layout-flex wp-container-core-columns-is-layout-28232c24 wp-block-columns-is-layout-flex\">\n<div class=\"wp-block-column is-vertically-aligned-center is-layout-flow wp-block-column-is-layout-flow\" style=\"padding-top:24px;padding-right:24px;padding-bottom:24px;padding-left:24px\">\n<p class=\"has-large-font-size\"><strong>Dlaczego warto?<\/strong><\/p>\n\n\n\n<p class=\"has-black-color has-text-color has-link-color has-medium-font-size wp-elements-b4e82f12a254466082af261a3a128cd3\">Bo to <strong>gra, kt\u00f3ra nie ko\u0144czy si\u0119 na planszy<\/strong>.<br>To rozmowy przy kolacji, \u015bmiech przed snem i czu\u0142e gesty, kt\u00f3re zostaj\u0105 na d\u0142ugo po z\u0142o\u017ceniu wie\u017cy.<\/p>\n\n\n\n<p class=\"has-black-color has-text-color has-link-color has-medium-font-size wp-elements-7f5883be5bea050a81f69d9e38bdfe72\"><strong>Co rozwija gra<\/strong><\/p>\n\n\n\n<p class=\"has-black-color has-text-color has-link-color has-medium-font-size wp-elements-f714c6bb6c006b09b248c336ea960d90\">\u2705 uwa\u017cno\u015b\u0107 i empati\u0119<br>\u2705 wdzi\u0119czno\u015b\u0107 i pozytywne my\u015blenie<br>\u2705 umiej\u0119tno\u015b\u0107 rozmowy o emocjach<br>\u2705 wsp\u00f3\u0142prac\u0119 i poczucie humoru<\/p>\n\n\n\n<p class=\"has-black-color has-text-color has-link-color has-medium-font-size wp-elements-9342bc5a351845234d64df3c04d586e8\"><strong>Eko wydanie \u2013 w 100% bez plastiku.<\/strong><\/p>\n<\/div>\n\n\n\n<div class=\"wp-block-column is-layout-flow wp-block-column-is-layout-flow\">\n<figure class=\"wp-block-image size-full\"><img loading=\"lazy\" decoding=\"async\" width=\"1920\" height=\"2560\" src=\"http:\/\/psychologbarczynska.pl\/wp-content\/uploads\/2025\/11\/IMG_20251112_193442319_MF_PORTRAIT3-scaled.jpg\" alt=\"\" class=\"wp-image-250\" srcset=\"https:\/\/psychologbarczynska.pl\/wp-content\/uploads\/2025\/11\/IMG_20251112_193442319_MF_PORTRAIT3-scaled.jpg 1920w, https:\/\/psychologbarczynska.pl\/wp-content\/uploads\/2025\/11\/IMG_20251112_193442319_MF_PORTRAIT3-225x300.jpg 225w, https:\/\/psychologbarczynska.pl\/wp-content\/uploads\/2025\/11\/IMG_20251112_193442319_MF_PORTRAIT3-768x1024.jpg 768w, https:\/\/psychologbarczynska.pl\/wp-content\/uploads\/2025\/11\/IMG_20251112_193442319_MF_PORTRAIT3-1152x1536.jpg 1152w, https:\/\/psychologbarczynska.pl\/wp-content\/uploads\/2025\/11\/IMG_20251112_193442319_MF_PORTRAIT3-1536x2048.jpg 1536w\" sizes=\"auto, (max-width: 1920px) 100vw, 1920px\" \/><\/figure>\n<\/div>\n<\/div>\n<\/div>\n\n\n\n<div class=\"wp-block-cover alignfull\" style=\"margin-top:0;margin-bottom:0;padding-top:24px;padding-right:24px;padding-bottom:24px;padding-left:24px;min-height:500px;aspect-ratio:unset;\"><span aria-hidden=\"true\" class=\"wp-block-cover__background has-ti-accent-background-color has-background-dim-100 has-background-dim\"><\/span><div class=\"wp-block-cover__inner-container is-layout-flow wp-block-cover-is-layout-flow\">\n<div class=\"wp-block-group has-ti-fg-alt-color has-text-color is-layout-constrained wp-block-group-is-layout-constrained\">\n<h2 class=\"wp-block-heading alignwide has-text-align-center has-huge-font-size\">Rodzinna wie\u017ca &#8211; bo relacje rodzinne tak jak wie\u017ca, wymagaj\u0105 cierpliwo\u015bci, uwa\u017cno\u015bci i wsp\u00f3lnego budowania!<\/h2>\n\n\n\n<div class=\"wp-block-buttons is-content-justification-center is-layout-flex wp-container-core-buttons-is-layout-a89b3969 wp-block-buttons-is-layout-flex\">\n<div class=\"wp-block-button\"><a class=\"wp-block-button__link has-ti-bg-alt-background-color has-background wp-element-button\" href=\"https:\/\/psychologbarczynska.pl\/index.php\/zamowienie-z-rabatem\/\">Zam\u00f3w (129z\u0142)<\/a><\/div>\n\n\n\n<div class=\"wp-block-button\"><a class=\"wp-block-button__link has-ti-bg-alt-background-color has-background wp-element-button\" href=\"https:\/\/allegro.pl\/oferta\/rodzinna-wieza-dla-rodzin-prezent-gra-drewniana-klocki-pytania-wyzwania-18108309302\">Zam\u00f3w na allegro (149z\u0142)<\/a><\/div>\n<\/div>\n<\/div>\n<\/div><\/div>\n\n\n\n<p><\/p>\n","protected":false},"excerpt":{"rendered":"<p>Rodzinna wie\u017ca \u2013 gra, kt\u00f3ra zbli\u017ca pokolenia \ud83d\udc9bBudujcie wie\u017c\u0119 &#8211; budujcie relacje Rodzinna Wie\u017ca to wyj\u0105tkowa gra dla ca\u0142ej rodziny, stworzona przez psychologa, kt\u00f3ra \u0142\u0105czy klasyczn\u0105 zabaw\u0119 w budowanie wie\u017cy z g\u0142\u0119bokimi rozmowami i weso\u0142ymi wyzwaniami. Jest to prosta i lu\u017ana gra, kt\u00f3rej celem jest wzmocnienie wi\u0119zi i wype\u0142nienie domu pozytywn\u0105 energi\u0105. Co znajdziesz w [&hellip;]<\/p>\n","protected":false},"author":1,"featured_media":0,"parent":0,"menu_order":0,"comment_status":"closed","ping_status":"closed","template":"","meta":{"_themeisle_gutenberg_block_has_review":false,"footnotes":""},"class_list":["post-279","page","type-page","status-publish","hentry"],"_links":{"self":[{"href":"https:\/\/psychologbarczynska.pl\/index.php\/wp-json\/wp\/v2\/pages\/279","targetHints":{"allow":["GET"]}}],"collection":[{"href":"https:\/\/psychologbarczynska.pl\/index.php\/wp-json\/wp\/v2\/pages"}],"about":[{"href":"https:\/\/psychologbarczynska.pl\/index.php\/wp-json\/wp\/v2\/types\/page"}],"author":[{"embeddable":true,"href":"https:\/\/psychologbarczynska.pl\/index.php\/wp-json\/wp\/v2\/users\/1"}],"replies":[{"embeddable":true,"href":"https:\/\/psychologbarczynska.pl\/index.php\/wp-json\/wp\/v2\/comments?post=279"}],"version-history":[{"count":7,"href":"https:\/\/psychologbarczynska.pl\/index.php\/wp-json\/wp\/v2\/pages\/279\/revisions"}],"predecessor-version":[{"id":350,"href":"https:\/\/psychologbarczynska.pl\/index.php\/wp-json\/wp\/v2\/pages\/279\/revisions\/350"}],"wp:attachment":[{"href":"https:\/\/psychologbarczynska.pl\/index.php\/wp-json\/wp\/v2\/media?parent=279"}],"curies":[{"name":"wp","href":"https:\/\/api.w.org\/{rel}","templated":true}]}}